{"id":190,"date":"2025-10-30T16:55:56","date_gmt":"2025-10-30T16:55:56","guid":{"rendered":"https:\/\/fersilvalaze.pt\/?page_id=190"},"modified":"2026-04-13T16:17:43","modified_gmt":"2026-04-13T16:17:43","slug":"sobre-nos","status":"publish","type":"page","link":"https:\/\/fersilvalaze.pt\/index.php\/sobre-nos\/","title":{"rendered":"Sobre N\u00f3s"},"content":{"rendered":"\n<div class=\"wp-block-columns alignwide is-layout-flex wp-container-core-columns-is-layout-28f84493 wp-block-columns-is-layout-flex\">\n<div class=\"wp-block-column is-layout-flow wp-block-column-is-layout-flow\">\n<p>A <strong>Fersilvalaze Carpintaria e Pedra Acr\u00edlica<\/strong> \u00e9 uma empresa especializada no fabrico e instala\u00e7\u00e3o de solu\u00e7\u00f5es em madeira e pedra acr\u00edlica, com mais de uma d\u00e9cada de experi\u00eancia no mercado.<\/p>\n\n\n\n<p>Com uma vasta capacidade t\u00e9cnica e produtiva, desenvolvemos projetos personalizados para espa\u00e7os comerciais, residenciais e empresariais, assegurando elevados padr\u00f5es de qualidade e precis\u00e3o em cada execu\u00e7\u00e3o. Entre os nossos trabalhos destacam-se lojas de marcas como <strong>H3<\/strong> e <strong>Tomatino<\/strong>, bem como instala\u00e7\u00f5es sanit\u00e1rias e \u00e1reas t\u00e9cnicas em centros comerciais, como o <strong>Vila do Conde Outlet<\/strong>.<\/p>\n\n\n\n<p>A nossa unidade produtiva est\u00e1 equipada com tecnologia de ponta \u2014 incluindo <strong>CNC<\/strong>, <strong>m\u00e1quinas de corte<\/strong>, <strong>prensas<\/strong> e <strong>orladoras<\/strong> \u2014 permitindo-nos responder com efici\u00eancia a projetos de grande escala e a exig\u00eancias espec\u00edficas de design e funcionalidade.<\/p>\n\n\n\n<h4 class=\"wp-block-heading has-text-align-center\"> Porqu\u00ea escolher a Fersilvalaze?<\/h4>\n\n\n\n<p>Escolher a <strong>Fersilvalaze<\/strong> \u00e9 optar por uma empresa que alia <strong>experi\u00eancia, tecnologia e compromisso com a qualidade<\/strong>. Trabalhamos lado a lado com arquitetos, designers e empresas de constru\u00e7\u00e3o para garantir solu\u00e7\u00f5es \u00e0 medida, executadas com rigor e dentro dos prazos definidos. A nossa dedica\u00e7\u00e3o \u00e0 inova\u00e7\u00e3o e \u00e0 excel\u00eancia faz de cada projeto um reflexo da confian\u00e7a que os nossos clientes depositam em n\u00f3s.<\/p>\n<\/div>\n\n\n\n<div class=\"wp-block-column is-vertically-aligned-center is-layout-flow wp-block-column-is-layout-flow\">\n<figure class=\"wp-block-image aligncenter size-full\"><img fetchpriority=\"high\" decoding=\"async\" width=\"1024\" height=\"768\" src=\"https:\/\/fersilvalaze.pt\/wp-content\/uploads\/2025\/10\/h3-Loja-Vasco-da-Gama-min-1.jpg\" alt=\"\" class=\"wp-image-90\" srcset=\"https:\/\/fersilvalaze.pt\/wp-content\/uploads\/2025\/10\/h3-Loja-Vasco-da-Gama-min-1.jpg 1024w, https:\/\/fersilvalaze.pt\/wp-content\/uploads\/2025\/10\/h3-Loja-Vasco-da-Gama-min-1-300x225.jpg 300w, https:\/\/fersilvalaze.pt\/wp-content\/uploads\/2025\/10\/h3-Loja-Vasco-da-Gama-min-1-768x576.jpg 768w\" sizes=\"(max-width: 1024px) 100vw, 1024px\" \/><\/figure>\n<\/div>\n<\/div>\n","protected":false},"excerpt":{"rendered":"<p>A Fersilvalaze Carpintaria e Pedra Acr\u00edlica \u00e9 uma empresa especializada no fabrico e instala\u00e7\u00e3o de solu\u00e7\u00f5es em madeira e pedra acr\u00edlica, com mais de uma d\u00e9cada de experi\u00eancia no mercado. Com uma vasta capacidade t\u00e9cnica e produtiva, desenvolvemos projetos personalizados para espa\u00e7os comerciais, residenciais e empresariais, assegurando elevados padr\u00f5es de qualidade e precis\u00e3o em cada [&hellip;]<\/p>\n","protected":false},"author":1,"featured_media":0,"parent":0,"menu_order":0,"comment_status":"closed","ping_status":"closed","template":"","meta":{"footnotes":""},"class_list":["post-190","page","type-page","status-publish","hentry"],"_links":{"self":[{"href":"https:\/\/fersilvalaze.pt\/index.php\/wp-json\/wp\/v2\/pages\/190","targetHints":{"allow":["GET"]}}],"collection":[{"href":"https:\/\/fersilvalaze.pt\/index.php\/wp-json\/wp\/v2\/pages"}],"about":[{"href":"https:\/\/fersilvalaze.pt\/index.php\/wp-json\/wp\/v2\/types\/page"}],"author":[{"embeddable":true,"href":"https:\/\/fersilvalaze.pt\/index.php\/wp-json\/wp\/v2\/users\/1"}],"replies":[{"embeddable":true,"href":"https:\/\/fersilvalaze.pt\/index.php\/wp-json\/wp\/v2\/comments?post=190"}],"version-history":[{"count":7,"href":"https:\/\/fersilvalaze.pt\/index.php\/wp-json\/wp\/v2\/pages\/190\/revisions"}],"predecessor-version":[{"id":382,"href":"https:\/\/fersilvalaze.pt\/index.php\/wp-json\/wp\/v2\/pages\/190\/revisions\/382"}],"wp:attachment":[{"href":"https:\/\/fersilvalaze.pt\/index.php\/wp-json\/wp\/v2\/media?parent=190"}],"curies":[{"name":"wp","href":"https:\/\/api.w.org\/{rel}","templated":true}]}}