{"id":246,"date":"2025-11-05T18:12:33","date_gmt":"2025-11-05T18:12:33","guid":{"rendered":"https:\/\/fersilvalaze.pt\/?page_id=246"},"modified":"2026-03-25T17:42:31","modified_gmt":"2026-03-25T17:42:31","slug":"avisolegal","status":"publish","type":"page","link":"https:\/\/fersilvalaze.pt\/index.php\/avisolegal\/","title":{"rendered":"Aviso Legal"},"content":{"rendered":"\n<div class=\"wp-block-group alignwide is-vertical is-layout-flex wp-container-core-group-is-layout-2d729e81 wp-block-group-is-layout-flex\">\n<h3 class=\"wp-block-heading\">1. Titularidade do Website<\/h3>\n\n\n\n<p>O website&nbsp;<strong><a href=\"http:\/\/www.fersilvalaze.pt\">www.fersilvalaze.pt<\/a><\/strong>&nbsp;\u00e9 propriedade da<strong> Fersilvalaze Carpintaria e Pedra Acr\u00edlica, LDA.<\/strong>, com sede na Estrada Nacional 204,149 4770-282 Lagoa, NIF [513549544], email:&nbsp;<strong><a href=\"mailto:fersilvalaze@outlook.pt\">fersilvalaze@outlook.pt<\/a><\/strong>, telefone:&nbsp;<a href=\"https:\/\/www.google.com\/search?q=FERSILVALAZE&amp;rlz=1C1ONGR_pt-PTPT1099PT1101&amp;oq=f&amp;gs_lcrp=EgZjaHJvbWUqDggAEEUYJxg7GIAEGIoFMg4IABBFGCcYOxiABBiKBTIGCAEQRRhAMgYIAhBFGDkyCAgDEEUYJxg7MgYIBBBFGDwyBggFEEUYPDIGCAYQRRg8MgYIBxBFGDzSAQgyMDQ1ajBqOagCBrACAfEFeJ0xjStNAXc&amp;sourceid=chrome&amp;ie=UTF-8#\"><strong>252 028 419<\/strong><\/a>.<\/p>\n\n\n\n<h3 class=\"wp-block-heading\">2. Conte\u00fado e Propriedade Intelectual<\/h3>\n\n\n\n<p>Todo o conte\u00fado deste website (textos, imagens, log\u00f3tipos, design e informa\u00e7\u00f5es) \u00e9 propriedade da Fersilvalaze, sendo proibida a sua reprodu\u00e7\u00e3o, distribui\u00e7\u00e3o ou modifica\u00e7\u00e3o sem autoriza\u00e7\u00e3o pr\u00e9via e por escrito.<\/p>\n\n\n\n<h3 class=\"wp-block-heading\">3. Responsabilidade<\/h3>\n\n\n\n<p>A Fersilvalazevi procura garantir que todas as informa\u00e7\u00f5es apresentadas no site s\u00e3o precisas e atualizadas. No entanto, n\u00e3o assume responsabilidade por eventuais erros, omiss\u00f5es ou interrup\u00e7\u00f5es de servi\u00e7o.<br>Os links externos (ex: Google Maps) s\u00e3o fornecidos apenas para conveni\u00eancia do utilizador, e a empresa n\u00e3o se responsabiliza pelos conte\u00fados de sites de terceiros.<\/p>\n\n\n\n<h3 class=\"wp-block-heading\">4. Legisla\u00e7\u00e3o Aplic\u00e1vel<\/h3>\n\n\n\n<p>Este website \u00e9 regido pela legisla\u00e7\u00e3o portuguesa.<br>Qualquer lit\u00edgio relativo \u00e0 sua utiliza\u00e7\u00e3o ser\u00e1 resolvido nos tribunais portugueses competentes.<\/p>\n<\/div>\n","protected":false},"excerpt":{"rendered":"<p>1. Titularidade do Website O website&nbsp;www.fersilvalaze.pt&nbsp;\u00e9 propriedade da Fersilvalaze Carpintaria e Pedra Acr\u00edlica, LDA., com sede na Estrada Nacional 204,149 4770-282 Lagoa, NIF [513549544], email:&nbsp;fersilvalaze@outlook.pt, telefone:&nbsp;252 028 419. 2. Conte\u00fado e Propriedade Intelectual Todo o conte\u00fado deste website (textos, imagens, log\u00f3tipos, design e informa\u00e7\u00f5es) \u00e9 propriedade da Fersilvalaze, sendo proibida a sua reprodu\u00e7\u00e3o, distribui\u00e7\u00e3o ou [&hellip;]<\/p>\n","protected":false},"author":1,"featured_media":0,"parent":0,"menu_order":0,"comment_status":"closed","ping_status":"closed","template":"","meta":{"footnotes":""},"class_list":["post-246","page","type-page","status-publish","hentry"],"_links":{"self":[{"href":"https:\/\/fersilvalaze.pt\/index.php\/wp-json\/wp\/v2\/pages\/246","targetHints":{"allow":["GET"]}}],"collection":[{"href":"https:\/\/fersilvalaze.pt\/index.php\/wp-json\/wp\/v2\/pages"}],"about":[{"href":"https:\/\/fersilvalaze.pt\/index.php\/wp-json\/wp\/v2\/types\/page"}],"author":[{"embeddable":true,"href":"https:\/\/fersilvalaze.pt\/index.php\/wp-json\/wp\/v2\/users\/1"}],"replies":[{"embeddable":true,"href":"https:\/\/fersilvalaze.pt\/index.php\/wp-json\/wp\/v2\/comments?post=246"}],"version-history":[{"count":3,"href":"https:\/\/fersilvalaze.pt\/index.php\/wp-json\/wp\/v2\/pages\/246\/revisions"}],"predecessor-version":[{"id":375,"href":"https:\/\/fersilvalaze.pt\/index.php\/wp-json\/wp\/v2\/pages\/246\/revisions\/375"}],"wp:attachment":[{"href":"https:\/\/fersilvalaze.pt\/index.php\/wp-json\/wp\/v2\/media?parent=246"}],"curies":[{"name":"wp","href":"https:\/\/api.w.org\/{rel}","templated":true}]}}