{"id":360,"date":"2026-03-25T17:15:44","date_gmt":"2026-03-25T17:15:44","guid":{"rendered":"https:\/\/fersilvalaze.pt\/?page_id=360"},"modified":"2026-03-25T17:26:51","modified_gmt":"2026-03-25T17:26:51","slug":"projetos","status":"publish","type":"page","link":"https:\/\/fersilvalaze.pt\/index.php\/projetos\/","title":{"rendered":"Projetos"},"content":{"rendered":"\n<div class=\"wp-block-group alignwide has-global-padding is-layout-constrained wp-block-group-is-layout-constrained\">\n<h1 class=\"wp-block-heading alignwide has-xx-large-font-size\" style=\"line-height:1.2\">Apresentamos uma sele\u00e7\u00e3o de projetos que refletem a nossa capacidade t\u00e9cnica e dedica\u00e7\u00e3o em cada detalhe.<\/h1>\n<\/div>\n\n\n\n<div class=\"wp-block-group alignfull has-global-padding is-layout-constrained wp-container-core-group-is-layout-b25ccd55 wp-block-group-is-layout-constrained\" style=\"margin-top:0;margin-bottom:0;padding-top:var(--wp--preset--spacing--50);padding-right:var(--wp--preset--spacing--50);padding-bottom:var(--wp--preset--spacing--50);padding-left:var(--wp--preset--spacing--50)\">\n<div class=\"wp-block-columns alignwide is-layout-flex wp-container-core-columns-is-layout-ff4b9c61 wp-block-columns-is-layout-flex\" style=\"margin-top:0;margin-bottom:0\">\n<div class=\"wp-block-column is-layout-flow wp-container-core-column-is-layout-8a368f38 wp-block-column-is-layout-flow\">\n<figure class=\"wp-block-image size-large is-style-rounded is-style-rounded--1\"><img fetchpriority=\"high\" decoding=\"async\" width=\"1024\" height=\"768\" src=\"https:\/\/fersilvalaze.pt\/wp-content\/uploads\/2025\/10\/73460684_2422764581111499_4997398567216742400_n-2-1024x768.jpg\" alt=\"\" class=\"wp-image-197\" style=\"aspect-ratio:4\/3;object-fit:cover\" srcset=\"https:\/\/fersilvalaze.pt\/wp-content\/uploads\/2025\/10\/73460684_2422764581111499_4997398567216742400_n-2-1024x768.jpg 1024w, https:\/\/fersilvalaze.pt\/wp-content\/uploads\/2025\/10\/73460684_2422764581111499_4997398567216742400_n-2-300x225.jpg 300w, https:\/\/fersilvalaze.pt\/wp-content\/uploads\/2025\/10\/73460684_2422764581111499_4997398567216742400_n-2-768x576.jpg 768w, https:\/\/fersilvalaze.pt\/wp-content\/uploads\/2025\/10\/73460684_2422764581111499_4997398567216742400_n-2-1536x1152.jpg 1536w, https:\/\/fersilvalaze.pt\/wp-content\/uploads\/2025\/10\/73460684_2422764581111499_4997398567216742400_n-2.jpg 1920w\" sizes=\"(max-width: 1024px) 100vw, 1024px\" \/><\/figure>\n\n\n\n<div style=\"height:var(--wp--preset--spacing--50)\" aria-hidden=\"true\" class=\"wp-block-spacer\"><\/div>\n\n\n\n<figure class=\"wp-block-image size-large is-style-rounded is-style-rounded--2\"><img decoding=\"async\" width=\"768\" height=\"1024\" src=\"https:\/\/fersilvalaze.pt\/wp-content\/uploads\/2025\/10\/TOMATINOSTRADA-min-1-768x1024.jpg\" alt=\"\" class=\"wp-image-93\" style=\"aspect-ratio:3\/4;object-fit:cover\" srcset=\"https:\/\/fersilvalaze.pt\/wp-content\/uploads\/2025\/10\/TOMATINOSTRADA-min-1-768x1024.jpg 768w, https:\/\/fersilvalaze.pt\/wp-content\/uploads\/2025\/10\/TOMATINOSTRADA-min-1-225x300.jpg 225w, https:\/\/fersilvalaze.pt\/wp-content\/uploads\/2025\/10\/TOMATINOSTRADA-min-1-1152x1536.jpg 1152w, https:\/\/fersilvalaze.pt\/wp-content\/uploads\/2025\/10\/TOMATINOSTRADA-min-1-1536x2048.jpg 1536w, https:\/\/fersilvalaze.pt\/wp-content\/uploads\/2025\/10\/TOMATINOSTRADA-min-1-scaled.jpg 1920w\" sizes=\"(max-width: 768px) 100vw, 768px\" \/><\/figure>\n\n\n\n<div style=\"height:var(--wp--preset--spacing--50)\" aria-hidden=\"true\" class=\"wp-block-spacer\"><\/div>\n\n\n\n<figure class=\"wp-block-image size-full is-style-rounded is-style-rounded--3\"><img decoding=\"async\" width=\"672\" height=\"896\" src=\"https:\/\/fersilvalaze.pt\/wp-content\/uploads\/2025\/10\/73381339_2424836214237669_2463043287603216384_n.jpg\" alt=\"\" class=\"wp-image-74\" style=\"aspect-ratio:3\/4;object-fit:cover\" srcset=\"https:\/\/fersilvalaze.pt\/wp-content\/uploads\/2025\/10\/73381339_2424836214237669_2463043287603216384_n.jpg 672w, https:\/\/fersilvalaze.pt\/wp-content\/uploads\/2025\/10\/73381339_2424836214237669_2463043287603216384_n-225x300.jpg 225w\" sizes=\"(max-width: 672px) 100vw, 672px\" \/><\/figure>\n<\/div>\n\n\n\n<div class=\"wp-block-column is-layout-flow wp-container-core-column-is-layout-8a368f38 wp-block-column-is-layout-flow\">\n<div style=\"height:var(--wp--preset--spacing--50)\" aria-hidden=\"true\" class=\"wp-block-spacer\"><\/div>\n\n\n\n<figure class=\"wp-block-image size-large is-style-rounded is-style-rounded--4\"><img loading=\"lazy\" decoding=\"async\" width=\"764\" height=\"1024\" src=\"https:\/\/fersilvalaze.pt\/wp-content\/uploads\/2025\/10\/WhatsApp-Image-2025-10-21-at-16.09.39-1-e1761790172722-764x1024.jpeg\" alt=\"\" class=\"wp-image-10\" style=\"aspect-ratio:3\/4;object-fit:cover\"\/><\/figure>\n\n\n\n<div style=\"height:var(--wp--preset--spacing--50)\" aria-hidden=\"true\" class=\"wp-block-spacer\"><\/div>\n\n\n\n<figure class=\"wp-block-image size-full is-style-rounded is-style-rounded--5\"><img loading=\"lazy\" decoding=\"async\" width=\"1024\" height=\"768\" src=\"https:\/\/fersilvalaze.pt\/wp-content\/uploads\/2025\/10\/h3-Loja-Vasco-da-Gama-min-1.jpg\" alt=\"\" class=\"wp-image-90\" style=\"aspect-ratio:1;object-fit:cover\" srcset=\"https:\/\/fersilvalaze.pt\/wp-content\/uploads\/2025\/10\/h3-Loja-Vasco-da-Gama-min-1.jpg 1024w, https:\/\/fersilvalaze.pt\/wp-content\/uploads\/2025\/10\/h3-Loja-Vasco-da-Gama-min-1-300x225.jpg 300w, https:\/\/fersilvalaze.pt\/wp-content\/uploads\/2025\/10\/h3-Loja-Vasco-da-Gama-min-1-768x576.jpg 768w\" sizes=\"(max-width: 1024px) 100vw, 1024px\" \/><\/figure>\n\n\n\n<div style=\"height:var(--wp--preset--spacing--50)\" aria-hidden=\"true\" class=\"wp-block-spacer\"><\/div>\n\n\n\n<figure class=\"wp-block-image size-full is-style-rounded is-style-rounded--6\"><img loading=\"lazy\" decoding=\"async\" width=\"960\" height=\"539\" src=\"https:\/\/fersilvalaze.pt\/wp-content\/uploads\/2025\/10\/557607964_24485985231029451_1484236171693903240_n.jpg\" alt=\"\" class=\"wp-image-86\" style=\"aspect-ratio:1;object-fit:cover\" srcset=\"https:\/\/fersilvalaze.pt\/wp-content\/uploads\/2025\/10\/557607964_24485985231029451_1484236171693903240_n.jpg 960w, https:\/\/fersilvalaze.pt\/wp-content\/uploads\/2025\/10\/557607964_24485985231029451_1484236171693903240_n-300x168.jpg 300w, https:\/\/fersilvalaze.pt\/wp-content\/uploads\/2025\/10\/557607964_24485985231029451_1484236171693903240_n-768x431.jpg 768w\" sizes=\"(max-width: 960px) 100vw, 960px\" \/><\/figure>\n<\/div>\n\n\n\n<div class=\"wp-block-column is-layout-flow wp-container-core-column-is-layout-8a368f38 wp-block-column-is-layout-flow\">\n<figure class=\"wp-block-image size-large is-style-rounded is-style-rounded--7\"><img loading=\"lazy\" decoding=\"async\" width=\"683\" height=\"1024\" src=\"https:\/\/fersilvalaze.pt\/wp-content\/uploads\/2025\/10\/50477436_1975965705791391_2824882484016054272_n-683x1024.jpg\" alt=\"\" class=\"wp-image-26\" style=\"aspect-ratio:3\/4;object-fit:cover\" srcset=\"https:\/\/fersilvalaze.pt\/wp-content\/uploads\/2025\/10\/50477436_1975965705791391_2824882484016054272_n-683x1024.jpg 683w, https:\/\/fersilvalaze.pt\/wp-content\/uploads\/2025\/10\/50477436_1975965705791391_2824882484016054272_n-200x300.jpg 200w, https:\/\/fersilvalaze.pt\/wp-content\/uploads\/2025\/10\/50477436_1975965705791391_2824882484016054272_n-768x1152.jpg 768w, https:\/\/fersilvalaze.pt\/wp-content\/uploads\/2025\/10\/50477436_1975965705791391_2824882484016054272_n-1024x1536.jpg 1024w, https:\/\/fersilvalaze.pt\/wp-content\/uploads\/2025\/10\/50477436_1975965705791391_2824882484016054272_n.jpg 1365w\" sizes=\"(max-width: 683px) 100vw, 683px\" \/><\/figure>\n\n\n\n<div style=\"height:var(--wp--preset--spacing--50)\" aria-hidden=\"true\" class=\"wp-block-spacer\"><\/div>\n\n\n\n<figure class=\"wp-block-image size-full is-style-rounded is-style-rounded--8\"><img loading=\"lazy\" decoding=\"async\" width=\"1024\" height=\"768\" src=\"https:\/\/fersilvalaze.pt\/wp-content\/uploads\/2025\/10\/73515726_2450345845020039_2898158659060105216_n.jpg\" alt=\"\" class=\"wp-image-78\" style=\"aspect-ratio:3\/4;object-fit:cover\" srcset=\"https:\/\/fersilvalaze.pt\/wp-content\/uploads\/2025\/10\/73515726_2450345845020039_2898158659060105216_n.jpg 1024w, https:\/\/fersilvalaze.pt\/wp-content\/uploads\/2025\/10\/73515726_2450345845020039_2898158659060105216_n-300x225.jpg 300w, https:\/\/fersilvalaze.pt\/wp-content\/uploads\/2025\/10\/73515726_2450345845020039_2898158659060105216_n-768x576.jpg 768w\" sizes=\"(max-width: 1024px) 100vw, 1024px\" \/><\/figure>\n\n\n\n<div style=\"height:var(--wp--preset--spacing--50)\" aria-hidden=\"true\" class=\"wp-block-spacer\"><\/div>\n\n\n\n<figure class=\"wp-block-image size-large is-style-rounded is-style-rounded--9\"><img loading=\"lazy\" decoding=\"async\" width=\"1024\" height=\"768\" src=\"https:\/\/fersilvalaze.pt\/wp-content\/uploads\/2025\/10\/50576373_1975975459123749_6446553612725256192_n-1024x768.jpg\" alt=\"\" class=\"wp-image-36\" style=\"aspect-ratio:16\/9;object-fit:cover\" srcset=\"https:\/\/fersilvalaze.pt\/wp-content\/uploads\/2025\/10\/50576373_1975975459123749_6446553612725256192_n-1024x768.jpg 1024w, https:\/\/fersilvalaze.pt\/wp-content\/uploads\/2025\/10\/50576373_1975975459123749_6446553612725256192_n-300x225.jpg 300w, https:\/\/fersilvalaze.pt\/wp-content\/uploads\/2025\/10\/50576373_1975975459123749_6446553612725256192_n-768x576.jpg 768w, https:\/\/fersilvalaze.pt\/wp-content\/uploads\/2025\/10\/50576373_1975975459123749_6446553612725256192_n-1536x1152.jpg 1536w, https:\/\/fersilvalaze.pt\/wp-content\/uploads\/2025\/10\/50576373_1975975459123749_6446553612725256192_n.jpg 2048w\" sizes=\"(max-width: 1024px) 100vw, 1024px\" \/><\/figure>\n<\/div>\n\n\n\n<div class=\"wp-block-column is-layout-flow wp-container-core-column-is-layout-8a368f38 wp-block-column-is-layout-flow\">\n<div style=\"height:var(--wp--preset--spacing--50)\" aria-hidden=\"true\" class=\"wp-block-spacer\"><\/div>\n\n\n\n<figure class=\"wp-block-image size-full is-style-rounded is-style-rounded--10\"><img loading=\"lazy\" decoding=\"async\" width=\"994\" height=\"771\" src=\"https:\/\/fersilvalaze.pt\/wp-content\/uploads\/2025\/10\/3f896304-6b3c-4585-96b9-5a7fc146d586.jpg\" alt=\"\" class=\"wp-image-13\" style=\"aspect-ratio:1;object-fit:cover\" srcset=\"https:\/\/fersilvalaze.pt\/wp-content\/uploads\/2025\/10\/3f896304-6b3c-4585-96b9-5a7fc146d586.jpg 994w, https:\/\/fersilvalaze.pt\/wp-content\/uploads\/2025\/10\/3f896304-6b3c-4585-96b9-5a7fc146d586-300x233.jpg 300w, https:\/\/fersilvalaze.pt\/wp-content\/uploads\/2025\/10\/3f896304-6b3c-4585-96b9-5a7fc146d586-768x596.jpg 768w\" sizes=\"(max-width: 994px) 100vw, 994px\" \/><\/figure>\n\n\n\n<div style=\"height:var(--wp--preset--spacing--50)\" aria-hidden=\"true\" class=\"wp-block-spacer\"><\/div>\n\n\n\n<figure class=\"wp-block-image size-large is-style-rounded is-style-rounded--11\"><img loading=\"lazy\" decoding=\"async\" width=\"1024\" height=\"768\" src=\"https:\/\/fersilvalaze.pt\/wp-content\/uploads\/2025\/10\/h3-Fachada-Colombo-min-1-1024x768.jpg\" alt=\"\" class=\"wp-image-89\" style=\"aspect-ratio:16\/9;object-fit:cover\" srcset=\"https:\/\/fersilvalaze.pt\/wp-content\/uploads\/2025\/10\/h3-Fachada-Colombo-min-1-1024x768.jpg 1024w, https:\/\/fersilvalaze.pt\/wp-content\/uploads\/2025\/10\/h3-Fachada-Colombo-min-1-300x225.jpg 300w, https:\/\/fersilvalaze.pt\/wp-content\/uploads\/2025\/10\/h3-Fachada-Colombo-min-1-768x576.jpg 768w, https:\/\/fersilvalaze.pt\/wp-content\/uploads\/2025\/10\/h3-Fachada-Colombo-min-1-1536x1152.jpg 1536w, https:\/\/fersilvalaze.pt\/wp-content\/uploads\/2025\/10\/h3-Fachada-Colombo-min-1-2048x1536.jpg 2048w\" sizes=\"(max-width: 1024px) 100vw, 1024px\" \/><\/figure>\n\n\n\n<div style=\"height:var(--wp--preset--spacing--50)\" aria-hidden=\"true\" class=\"wp-block-spacer\"><\/div>\n\n\n\n<figure class=\"wp-block-image size-full is-style-rounded is-style-rounded--12\"><img loading=\"lazy\" decoding=\"async\" width=\"1365\" height=\"2048\" src=\"https:\/\/fersilvalaze.pt\/wp-content\/uploads\/2025\/10\/50930600_1975965349124760_457584217988005888_n.jpg\" alt=\"\" class=\"wp-image-50\" style=\"aspect-ratio:9\/16;object-fit:cover\" srcset=\"https:\/\/fersilvalaze.pt\/wp-content\/uploads\/2025\/10\/50930600_1975965349124760_457584217988005888_n.jpg 1365w, https:\/\/fersilvalaze.pt\/wp-content\/uploads\/2025\/10\/50930600_1975965349124760_457584217988005888_n-200x300.jpg 200w, https:\/\/fersilvalaze.pt\/wp-content\/uploads\/2025\/10\/50930600_1975965349124760_457584217988005888_n-683x1024.jpg 683w, https:\/\/fersilvalaze.pt\/wp-content\/uploads\/2025\/10\/50930600_1975965349124760_457584217988005888_n-768x1152.jpg 768w, https:\/\/fersilvalaze.pt\/wp-content\/uploads\/2025\/10\/50930600_1975965349124760_457584217988005888_n-1024x1536.jpg 1024w\" sizes=\"(max-width: 1365px) 100vw, 1365px\" \/><\/figure>\n<\/div>\n<\/div>\n<\/div>\n","protected":false},"excerpt":{"rendered":"<p>Apresentamos uma sele\u00e7\u00e3o de projetos que refletem a nossa capacidade t\u00e9cnica e dedica\u00e7\u00e3o em cada detalhe.<\/p>\n","protected":false},"author":1,"featured_media":0,"parent":0,"menu_order":0,"comment_status":"closed","ping_status":"closed","template":"","meta":{"footnotes":""},"class_list":["post-360","page","type-page","status-publish","hentry"],"_links":{"self":[{"href":"https:\/\/fersilvalaze.pt\/index.php\/wp-json\/wp\/v2\/pages\/360","targetHints":{"allow":["GET"]}}],"collection":[{"href":"https:\/\/fersilvalaze.pt\/index.php\/wp-json\/wp\/v2\/pages"}],"about":[{"href":"https:\/\/fersilvalaze.pt\/index.php\/wp-json\/wp\/v2\/types\/page"}],"author":[{"embeddable":true,"href":"https:\/\/fersilvalaze.pt\/index.php\/wp-json\/wp\/v2\/users\/1"}],"replies":[{"embeddable":true,"href":"https:\/\/fersilvalaze.pt\/index.php\/wp-json\/wp\/v2\/comments?post=360"}],"version-history":[{"count":2,"href":"https:\/\/fersilvalaze.pt\/index.php\/wp-json\/wp\/v2\/pages\/360\/revisions"}],"predecessor-version":[{"id":368,"href":"https:\/\/fersilvalaze.pt\/index.php\/wp-json\/wp\/v2\/pages\/360\/revisions\/368"}],"wp:attachment":[{"href":"https:\/\/fersilvalaze.pt\/index.php\/wp-json\/wp\/v2\/media?parent=360"}],"curies":[{"name":"wp","href":"https:\/\/api.w.org\/{rel}","templated":true}]}}